{"id":82,"date":"2019-04-18T10:13:12","date_gmt":"2019-04-18T10:13:12","guid":{"rendered":"http:\/\/lab.redocean.pt\/metlor\/?page_id=82"},"modified":"2025-09-30T15:34:31","modified_gmt":"2025-09-30T15:34:31","slug":"sobre-nos","status":"publish","type":"page","link":"http:\/\/metlor.com\/es\/sobre-nos\/","title":{"rendered":"SOBRE NOSOTROS"},"content":{"rendered":"<p><div class=\"fusion-fullwidth fullwidth-box fusion-builder-row-1 nonhundred-percent-fullwidth non-hundred-percent-height-scrolling\" style=\"--awb-border-radius-top-left:0px;--awb-border-radius-top-right:0px;--awb-border-radius-bottom-right:0px;--awb-border-radius-bottom-left:0px;--awb-flex-wrap:wrap;\" ><div class=\"fusion-builder-row fusion-row\"><div class=\"fusion-layout-column fusion_builder_column fusion-builder-column-0 fusion_builder_column_1_1 1_1 fusion-one-full fusion-column-first fusion-column-last\" style=\"--awb-bg-size:cover;\"><div class=\"fusion-column-wrapper fusion-flex-column-wrapper-legacy\"><div class=\"fusion-title title fusion-title-1 fusion-title-center fusion-title-text fusion-title-size-one\" style=\"--awb-text-color:#000000;--awb-sep-color:#aaaaac;\"><div class=\"title-sep-container title-sep-container-left\"><div class=\"title-sep sep-single sep-solid\" style=\"border-color:#aaaaac;\"><\/div><\/div><span class=\"awb-title-spacer\"><\/span><h1 class=\"fusion-title-heading title-heading-center fusion-responsive-typography-calculated\" style=\"margin:0;--fontSize:34;line-height:1.4;\">Nuestra historia<\/h1><span class=\"awb-title-spacer\"><\/span><div class=\"title-sep-container title-sep-container-right\"><div class=\"title-sep sep-single sep-solid\" style=\"border-color:#aaaaac;\"><\/div><\/div><\/div><div class=\"fusion-clearfix\"><\/div><\/div><\/div><\/div><\/div><div class=\"fusion-fullwidth fullwidth-box fusion-builder-row-2 rowdef hundred-percent-fullwidth non-hundred-percent-height-scrolling\" style=\"--awb-border-radius-top-left:0px;--awb-border-radius-top-right:0px;--awb-border-radius-bottom-right:0px;--awb-border-radius-bottom-left:0px;--awb-flex-wrap:wrap;\" ><div class=\"fusion-builder-row fusion-row\"><div class=\"fusion-layout-column fusion_builder_column fusion-builder-column-1 fusion_builder_column_1_2 1_2 fusion-one-half fusion-column-first\" style=\"--awb-bg-size:cover;width:50%;width:calc(50% - ( ( 20px ) * 0.5 ) );margin-right: 20px;\"><div class=\"fusion-column-wrapper fusion-flex-column-wrapper-legacy\"><div class=\"fusion-image-element in-legacy-container\" style=\"--awb-caption-title-font-family:var(--h2_typography-font-family);--awb-caption-title-font-weight:var(--h2_typography-font-weight);--awb-caption-title-font-style:var(--h2_typography-font-style);--awb-caption-title-size:var(--h2_typography-font-size);--awb-caption-title-transform:var(--h2_typography-text-transform);--awb-caption-title-line-height:var(--h2_typography-line-height);--awb-caption-title-letter-spacing:var(--h2_typography-letter-spacing);\"><span class=\"fusion-imageframe imageframe-none imageframe-1 hover-type-none\"><img decoding=\"async\" width=\"1200\" height=\"800\" title=\"metlor-sobre-nos-1\" src=\"https:\/\/metlor.com\/wp-content\/uploads\/2019\/04\/metlor-sobre-nos-1.jpg\" alt class=\"img-responsive wp-image-83\" srcset=\"https:\/\/metlor.com\/wp-content\/uploads\/2019\/04\/metlor-sobre-nos-1-200x133.jpg 200w, https:\/\/metlor.com\/wp-content\/uploads\/2019\/04\/metlor-sobre-nos-1-400x267.jpg 400w, https:\/\/metlor.com\/wp-content\/uploads\/2019\/04\/metlor-sobre-nos-1-600x400.jpg 600w, https:\/\/metlor.com\/wp-content\/uploads\/2019\/04\/metlor-sobre-nos-1-800x533.jpg 800w, https:\/\/metlor.com\/wp-content\/uploads\/2019\/04\/metlor-sobre-nos-1.jpg 1200w\" sizes=\"(max-width: 800px) 100vw, 600px\" \/><\/span><\/div><div class=\"fusion-clearfix\"><\/div><\/div><\/div><div class=\"fusion-layout-column fusion_builder_column fusion-builder-column-2 fusion_builder_column_1_2 1_2 fusion-one-half fusion-column-last\" style=\"--awb-padding-right:82px;--awb-bg-size:cover;width:50%;width:calc(50% - ( ( 20px ) * 0.5 ) );\"><div class=\"fusion-column-wrapper fusion-flex-column-wrapper-legacy\"><div class=\"fusion-sep-clear\"><\/div><div class=\"fusion-separator\" style=\"margin-left: auto;margin-right: auto;margin-top:5%;margin-bottom:5%;width:100%;max-width:80%;\"><div class=\"fusion-separator-border sep-single sep-solid\" style=\"--awb-height:20px;--awb-amount:20px;--awb-sep-color:#aaaaac;border-color:#aaaaac;border-top-width:1px;\"><\/div><\/div><div class=\"fusion-sep-clear\"><\/div><div class=\"fusion-text fusion-text-1 textstyle\"><p>La compa\u00f1\u00eda tiene sus or\u00edgenes en 1970 como una empresa unipersonal y otras actividades comerciales, en los \u00faltimos a\u00f1os la apuesta se ha centrado principalmente en el desarrollo de soluciones para los sistemas de calefacci\u00f3n de biomasa:<\/p>\n<ul>\n<li>Estufas de pellets<\/li>\n<li>Estufas de le\u00f1a<\/li>\n<li>Recuperadores de calor de aire caliente<\/li>\n<li>Recuperadores de calefacci\u00f3n central<\/li>\n<li>Las estufas de madera<\/li>\n<\/ul>\n<p>En 2009 fue hecho compa\u00f1\u00eda bajo la forma jur\u00eddica actual y actualmente cuenta con 55 empleados.<\/p>\n<\/div><div class=\"fusion-sep-clear\"><\/div><div class=\"fusion-separator\" style=\"margin-left: auto;margin-right: auto;margin-top:5%;margin-bottom:5%;width:100%;max-width:80%;\"><div class=\"fusion-separator-border sep-single sep-solid\" style=\"--awb-height:20px;--awb-amount:20px;--awb-sep-color:#aaaaac;border-color:#aaaaac;border-top-width:1px;\"><\/div><\/div><div class=\"fusion-sep-clear\"><\/div><div class=\"fusion-text fusion-text-2 textstyle\"><p>Con una cuota de mercado estimada del 25%, debido a la puesta en el mercado de 11,500 soluciones de calefacci\u00f3n anuales, la compa\u00f1\u00eda est\u00e1 en el proceso de internacionalizaci\u00f3n con representaci\u00f3n en mercados clave como Espa\u00f1a, Grecia, Polonia y Brasil, por nombrar el m\u00e1s important.<\/p>\n<\/div><div class=\"fusion-clearfix\"><\/div><\/div><\/div><\/div><\/div><\/p>","protected":false},"excerpt":{"rendered":"","protected":false},"author":1,"featured_media":0,"parent":0,"menu_order":0,"comment_status":"closed","ping_status":"closed","template":"100-width.php","meta":{"footnotes":""},"class_list":["post-82","page","type-page","status-publish","hentry"],"_links":{"self":[{"href":"http:\/\/metlor.com\/es\/wp-json\/wp\/v2\/pages\/82","targetHints":{"allow":["GET"]}}],"collection":[{"href":"http:\/\/metlor.com\/es\/wp-json\/wp\/v2\/pages"}],"about":[{"href":"http:\/\/metlor.com\/es\/wp-json\/wp\/v2\/types\/page"}],"author":[{"embeddable":true,"href":"http:\/\/metlor.com\/es\/wp-json\/wp\/v2\/users\/1"}],"replies":[{"embeddable":true,"href":"http:\/\/metlor.com\/es\/wp-json\/wp\/v2\/comments?post=82"}],"version-history":[{"count":10,"href":"http:\/\/metlor.com\/es\/wp-json\/wp\/v2\/pages\/82\/revisions"}],"predecessor-version":[{"id":8729,"href":"http:\/\/metlor.com\/es\/wp-json\/wp\/v2\/pages\/82\/revisions\/8729"}],"wp:attachment":[{"href":"http:\/\/metlor.com\/es\/wp-json\/wp\/v2\/media?parent=82"}],"curies":[{"name":"wp","href":"https:\/\/api.w.org\/{rel}","templated":true}]}}