{"id":1233,"date":"2019-07-24T09:29:03","date_gmt":"2019-07-24T09:29:03","guid":{"rendered":"https:\/\/redocean.site\/metlor\/?page_id=1233"},"modified":"2025-08-21T13:03:26","modified_gmt":"2025-08-21T13:03:26","slug":"politica-de-cookies","status":"publish","type":"page","link":"https:\/\/metlor.com\/en\/politica-de-cookies\/","title":{"rendered":"Pol\u00edtica de Cookies"},"content":{"rendered":"<div class=\"fusion-fullwidth fullwidth-box fusion-builder-row-1 nonhundred-percent-fullwidth non-hundred-percent-height-scrolling\" style=\"--awb-border-radius-top-left:0px;--awb-border-radius-top-right:0px;--awb-border-radius-bottom-right:0px;--awb-border-radius-bottom-left:0px;--awb-flex-wrap:wrap;\" ><div class=\"fusion-builder-row fusion-row\"><div class=\"fusion-layout-column fusion_builder_column fusion-builder-column-0 fusion_builder_column_1_1 1_1 fusion-one-full fusion-column-first fusion-column-last\" style=\"--awb-bg-size:cover;\"><div class=\"fusion-column-wrapper fusion-flex-column-wrapper-legacy\"><div class=\"fusion-title title fusion-title-1 fusion-title-center fusion-title-text fusion-title-size-one\" style=\"--awb-text-color:#000000;--awb-sep-color:#ffffff;\"><div class=\"title-sep-container title-sep-container-left\"><div class=\"title-sep sep-single sep-solid\" style=\"border-color:#aaaac;\"><\/div><\/div><span class=\"awb-title-spacer\"><\/span><h1 class=\"fusion-title-heading title-heading-center fusion-responsive-typography-calculated\" style=\"margin:0;--fontSize:34;line-height:1.4;\">Pol\u00edtica de Cookies<\/h1><span class=\"awb-title-spacer\"><\/span><div class=\"title-sep-container title-sep-container-right\"><div class=\"title-sep sep-single sep-solid\" style=\"border-color:#aaaac;\"><\/div><\/div><\/div><div class=\"fusion-text fusion-text-1 textstyle\"><p>O que s\u00e3o:<\/p>\n<p>Os cookies s\u00e3o pequenos ficheiros de texto enviados para o seu computador ou dispositivo m\u00f3vel quando visita websites. Os cookies ajudam os websites a armazenar e recuperar informa\u00e7\u00e3o sobre os seus h\u00e1bitos de navega\u00e7\u00e3o por forma a personalizar a navega\u00e7\u00e3o de acordo com as suas prefer\u00eancias.<\/p>\n<p>Que tipos de cookies utiliza o nosso website?<\/p>\n<p>Cookies de sess\u00e3o: s\u00e3o cookies tempor\u00e1rias que permanecem em arquivo de cookies do navegador at\u00e9 que este abandone a p\u00e1gina web, pelo que n\u00e3o fica qualquer registo no disco r\u00edgido do utilizador. A Informa\u00e7\u00e3o recolhida por estes cookies serve para analisar padr\u00f5es de tr\u00e1fego do site. Em \u00faltima an\u00e1lise, isso permite-nos melhorar o conte\u00fado e melhorar a usabilidade do nosso site.<\/p>\n<p>Cookies de an\u00e1lise: S\u00e3o aqueles que bem tratados por n\u00f3s ou por terceiros, nos permitem quantificar o n\u00famero de utilizadores e realizar a medi\u00e7\u00e3o e an\u00e1lise estat\u00edstica de como os utilizadores usam o servi\u00e7o oferecido. Examinamos a sua navega\u00e7\u00e3o no nosso site, com o objetivo de melhorar o fornecimento de produtos ou servi\u00e7os que lhe disponibilizamos.<\/p>\n<p>Cookies publicit\u00e1rios: S\u00e3o aqueles que nos permitem gerir de uma forma mais eficaz a oferta de espa\u00e7os publicit\u00e1rios que existem no site, podendo analisar os seus h\u00e1bitos de navega\u00e7\u00e3o e mostrar-lhe publicidade relacionada com o seu perfil de navega\u00e7\u00e3o.<\/p>\n<p>Quais s\u00e3o os cookies que utilizamos no nosso site?<\/p>\n<p>Cookies pr\u00f3prias:<br \/>\nUtilizadas para a Reserva em loja para manter a loja selecionada pelo utilizador<\/p>\n<p>Cookies de sess\u00e3o<br \/>\nAssocia\u00e7\u00e3o com carrinho de compras<br \/>\nArmazenam a informa\u00e7\u00e3o de categoria para mostra<\/p>\n<p>Cookies de terceiros:<br \/>\nUtilizados para distinguir utilizadores e sess\u00f5es<br \/>\nUtilizadas para determinar novas visitas, sess\u00f5es<br \/>\nArmazenam a fonte de tr\u00e1fego para explicar como o utilizador chega ao site<br \/>\nUtilizam-se para identificar utilizadores e prevenir usos fraudulentos de dados de utilizadores e proteger dados de utilizadores de terceiros<br \/>\nUtilizadas para personalizar publicidade em redes de Publisher<br \/>\nPermitem ao site recordar prefer\u00eancias de navega\u00e7\u00e3o, idioma, regi\u00e3o<\/p>\n<p>Outras:<br \/>\nAnal\u00edticas web e v\u00eddeos<br \/>\nDetermina que servidor mostra a informa\u00e7\u00e3o ao utilizador<br \/>\nSegue as sess\u00f5es ativas<br \/>\nDetermina se as cookies est\u00e3o ativas<br \/>\nMede o tempo de resposta dos utilizadores<br \/>\nIdentifica quantas vezes nos visitou um utilizador, que produtos comprou e a que pre\u00e7o<br \/>\nPermitem saber se \u00e9 a primeira visita ao site ou n\u00e3o<\/p>\n<p>O que implica n\u00e3o autorizar o uso de cookies?<\/p>\n<p>Se preferir n\u00e3o permitir cookies tem a possibilidade de desativar os cookies no navegador de internet (browser) que utiliza, mas dever\u00e1 ter em conta que poder\u00e1 impedir que algumas p\u00e1ginas Web ou funcionalidades sejam apresentadas corretamente.<\/p>\n<p>Como configurar o meu navegador?<\/p>\n<p>Google Chrome<br \/>\nClique no \u00edcone do menu do Google Chrome.<br \/>\nSelecione Configura\u00e7\u00f5es.<br \/>\nNa parte inferior da p\u00e1gina, clique em Mostrar configura\u00e7\u00f5es avan\u00e7adas.<br \/>\nNa se\u00e7\u00e3o \u201cPrivacidade\u201d, clique em Configura\u00e7\u00f5es de conte\u00fado.<br \/>\nAtivar ou desativar cookies:<br \/>\nPara ativar os cookies, selecione Permitir a configura\u00e7\u00e3o de dados locais (recomendado).<br \/>\nPara desativar os cookies, selecione Bloquear as configura\u00e7\u00f5es de quaisquer dados por sites.<\/p>\n<p>Internet Explorer<br \/>\nAbrir o Internet Explorer clicando no bot\u00e3o Iniciar e, em seguida, clicando em Internet Explorer.<br \/>\nClique no bot\u00e3o Ferramentas e, em seguida, clique em Op\u00e7\u00f5es da Internet.<br \/>\nClique no separador Privacidade e, em Defini\u00e7\u00f5es, mova o controlo de deslize para o topo para bloquear todos os cookies ou para o fundo para permitir todos os cookies e, em seguida, clique<br \/>\nem OK.<\/p>\n<p>Firefox<br \/>\nSelecione Ferramentas &gt; Op\u00e7\u00f5es e aceda ao painel Privacidade.<br \/>\nNo menu Guardar at\u00e9, selecione a op\u00e7\u00e3o fechar o Firefox.<br \/>\nSe deseja permitir aos sites em que confia a possibilidade de armazenar cookies permanentemente (por exemplo, para permitir a autentica\u00e7\u00e3o autom\u00e1tica num determinado site), pressione<br \/>\nExce\u00e7\u00f5es\u2026, introduza o endere\u00e7o do site e pressione permitir.<\/p>\n<p>Safari<br \/>\nClique em \u201cEdit\u201d (Editar);<br \/>\nSelecione \u201cPreferences\u201d (Prefer\u00eancias);<br \/>\nNo painel superior, selecione o \u00edcone \u201cSecurity\u201d (Seguran\u00e7a)<br \/>\nNa sec\u00e7\u00e3o \u201cAccept Cookies\u201d (Aceitar cookies), selecione \u201cNever\u201d(Nunca).<\/p>\n<p>Opera<br \/>\nClique em Settings<br \/>\nSelecione Preferences &gt; Advanced &gt; Cookies &gt; Enable or disable cookies<\/p>\n<p><strong>METLOR<\/strong>, 2019<\/p>\n<\/div><div class=\"fusion-clearfix\"><\/div><\/div><\/div><\/div><\/div>","protected":false},"excerpt":{"rendered":"","protected":false},"author":1,"featured_media":0,"parent":0,"menu_order":0,"comment_status":"closed","ping_status":"closed","template":"","meta":{"footnotes":""},"class_list":["post-1233","page","type-page","status-publish","hentry"],"_links":{"self":[{"href":"https:\/\/metlor.com\/en\/wp-json\/wp\/v2\/pages\/1233","targetHints":{"allow":["GET"]}}],"collection":[{"href":"https:\/\/metlor.com\/en\/wp-json\/wp\/v2\/pages"}],"about":[{"href":"https:\/\/metlor.com\/en\/wp-json\/wp\/v2\/types\/page"}],"author":[{"embeddable":true,"href":"https:\/\/metlor.com\/en\/wp-json\/wp\/v2\/users\/1"}],"replies":[{"embeddable":true,"href":"https:\/\/metlor.com\/en\/wp-json\/wp\/v2\/comments?post=1233"}],"version-history":[{"count":2,"href":"https:\/\/metlor.com\/en\/wp-json\/wp\/v2\/pages\/1233\/revisions"}],"predecessor-version":[{"id":1235,"href":"https:\/\/metlor.com\/en\/wp-json\/wp\/v2\/pages\/1233\/revisions\/1235"}],"wp:attachment":[{"href":"https:\/\/metlor.com\/en\/wp-json\/wp\/v2\/media?parent=1233"}],"curies":[{"name":"wp","href":"https:\/\/api.w.org\/{rel}","templated":true}]}}