{"id":3,"date":"2019-04-16T10:38:02","date_gmt":"2019-04-16T10:38:02","guid":{"rendered":"http:\/\/lab.redocean.pt\/metlor\/?page_id=3"},"modified":"2025-08-21T13:03:26","modified_gmt":"2025-08-21T13:03:26","slug":"politica-privacidade","status":"publish","type":"page","link":"https:\/\/metlor.com\/en\/politica-privacidade\/","title":{"rendered":"Pol\u00edtica de privacidade"},"content":{"rendered":"<div class=\"fusion-fullwidth fullwidth-box fusion-builder-row-1 nonhundred-percent-fullwidth non-hundred-percent-height-scrolling\" style=\"--awb-border-radius-top-left:0px;--awb-border-radius-top-right:0px;--awb-border-radius-bottom-right:0px;--awb-border-radius-bottom-left:0px;--awb-flex-wrap:wrap;\" ><div class=\"fusion-builder-row fusion-row\"><div class=\"fusion-layout-column fusion_builder_column fusion-builder-column-0 fusion_builder_column_1_1 1_1 fusion-one-full fusion-column-first fusion-column-last\" style=\"--awb-bg-size:cover;--awb-margin-bottom:0px;\"><div class=\"fusion-column-wrapper fusion-flex-column-wrapper-legacy\"><div class=\"fusion-title title fusion-title-1 fusion-title-center fusion-title-text fusion-title-size-one\" style=\"--awb-text-color:#000000;--awb-sep-color:#ea6921;\"><div class=\"title-sep-container title-sep-container-left\"><div class=\"title-sep sep-single sep-solid\" style=\"border-color:#ea6921;\"><\/div><\/div><span class=\"awb-title-spacer\"><\/span><h1 class=\"fusion-title-heading title-heading-center fusion-responsive-typography-calculated\" style=\"margin:0;--fontSize:34;line-height:1.4;\">Privacy Policy<\/h1><span class=\"awb-title-spacer\"><\/span><div class=\"title-sep-container title-sep-container-right\"><div class=\"title-sep sep-single sep-solid\" style=\"border-color:#ea6921;\"><\/div><\/div><\/div><div class=\"fusion-text fusion-text-1 textstyle\"><p><strong>1-IDENTIFICA\u00c7\u00c3O DO RESPONS\u00c1VEL PELO TRATAMENTO:<\/strong> A sociedade Metal\u00fargica do Eucalipto Lda (doravante designada apenas METLOR ) \u00e9 a respons\u00e1vel pelo tratamento dos seus dados pessoais, por meios automatizados ou n\u00e3o, desde a sua recolha, organiza\u00e7\u00e3o, conserva\u00e7\u00e3o at\u00e9 \u00e0 elimina\u00e7\u00e3o.<br \/><strong>2-INFORMA\u00c7\u00c3O E CONSENTIMENTO:<\/strong> O Regulamento Geral de Prote\u00e7\u00e3o de Dados (Regulamento (UE) 2016\/679 do Parlamento Europeu e do Conselho de 27 de abril de 2016, doravante apenas designado \u201cRGPD\u201d) assegura a prote\u00e7\u00e3o das pessoas singulares no que diz respeito ao tratamento de dados pessoais e \u00e0 livre circula\u00e7\u00e3o desses dados. Nos termos legais, s\u00e3o considerados \u201cdados pessoais\u201d qualquer informa\u00e7\u00e3o, de qualquer natureza e independentemente do respetivo suporte, incluindo som e imagem, relativa a uma pessoa singular identificada ou identific\u00e1vel, pelo que a prote\u00e7\u00e3o n\u00e3o abrange os dados de pessoas coletivas. Mediante a aceita\u00e7\u00e3o da presente Pol\u00edtica de Protec\u00e7\u00e3o de Dados Pessoais e de Privacidade o titular dos dados presta o seu consentimento informado, expresso, livre e inequ\u00edvoco para que os dados pessoais fornecidos sejam inclu\u00eddos num ficheiro da responsabilidade da METLOR cujo tratamento nos termos do RGPD cumpre as medidas de seguran\u00e7a t\u00e9cnicas e organizativas adequadas. Os dados constantes desse ficheiro base s\u00e3o unicamente os dados prestados pelo titular na altura do seu contacto com a METLOR, sendo recolhidos e processados automaticamente pela METLOR. Em caso algum ser\u00e1 solicitada informa\u00e7\u00e3o sobre convic\u00e7\u00f5es filos\u00f3ficas ou pol\u00edticas, filia\u00e7\u00e3o partid\u00e1ria ou sindical, f\u00e9 religiosa, vida privada e origem racial ou \u00e9tnica, bem como os dados relativos \u00e0 sa\u00fade e \u00e0 vida sexual, incluindo os dados gen\u00e9ticos.<br \/><strong>3-NECESSIDADE E FINALIDADES DO TRATAMENTO DE DADOS PESSOAIS:<\/strong><\/p>\n<p>1. Os seus dados pessoais s\u00e3o tratados por serem necess\u00e1rios \u00e0 negocia\u00e7\u00e3o, celebra\u00e7\u00e3o e\/ou execu\u00e7\u00e3o de um contrato, ao cumprimento de obriga\u00e7\u00f5es legais impostas \u00e0 METLOR, ao prosseguimento de interesses leg\u00edtimos da METLOR ou porque foram objeto de consentimento.<br \/>2. Os dados pessoais que tratamos ser\u00e3o unicamente utilizados para as seguintes finalidades:<\/p>\n<ul>\n<li>a)Negocia\u00e7\u00e3o e processamento de encomendas, incluindo o cumprimento de obriga\u00e7\u00f5es fiscais;<\/li>\n<li>b)Comunica\u00e7\u00e3o com clientes e esclarecimento de d\u00favidas;<\/li>\n<li>c)Processamento de pedidos de informa\u00e7\u00e3o;<\/li>\n<li>d)Processamento de reclama\u00e7\u00f5es;<\/li>\n<li>e)Preven\u00e7\u00e3o e combate \u00e0 fraude;<\/li>\n<li>f)Solicita\u00e7\u00e3o de coment\u00e1rios a produtos ou servi\u00e7os adquiridos;<\/li>\n<li>g)Realiza\u00e7\u00e3o de inqu\u00e9ritos de satisfa\u00e7\u00e3o;<\/li>\n<li>h)Cobran\u00e7a de d\u00edvidas resultantes de fornecimentos e presta\u00e7\u00f5es de servi\u00e7os, com fundamento quer na execu\u00e7\u00e3o de contratos, quer no seu interesse leg\u00edtimo em fazer valer o seu direito nessa cobran\u00e7a.<\/li>\n<\/ul>\n<p><strong>4-CESS\u00c3O DE DADOS PESSOAIS:<\/strong> A METLOR poder\u00e1 comunicar dados pessoais a terceiros por si contratados para o cumprimento das finalidades acima descritas.<br \/><strong>5-MEDIDAS DE SEGURAN\u00c7A:<\/strong> A METLOR declara que implementou e continuar\u00e1 a implementar as medidas de seguran\u00e7a de natureza t\u00e9cnica e organizativa necess\u00e1rias para garantir a seguran\u00e7a dos dados de car\u00e1cter pessoal que lhe sejam fornecidos visando evitar a sua altera\u00e7\u00e3o, perda, tratamento e\/ou acesso n\u00e3o autorizado, tendo em conta o estado atual da tecnologia, a natureza dos dados armazenados e os riscos a que est\u00e3o expostos. Os dados pessoais s\u00e3o tratados com o n\u00edvel de prote\u00e7\u00e3o legalmente exig\u00edvel para garantir a seguran\u00e7a dos mesmos e evitar a sua altera\u00e7\u00e3o, perda, tratamento ou acesso n\u00e3o autorizado, tendo em conta o estado da tecnologia. A METLOR sempre que aceda a qualquer dado pessoal, compromete-se a:<\/p>\n<ul>\n<li>a) Armazen\u00e1-los por interm\u00e9dio de medidas de seguran\u00e7a, legalmente exig\u00edveis, de natureza t\u00e9cnica e organizacional, que garantam a sua seguran\u00e7a, evitando assim a altera\u00e7\u00e3o, perda, tratamento ou acesso n\u00e3o autorizado, em conformidade com o estado da tecnologia em cada momento, a natureza dos dados e os poss\u00edveis riscos a que estejam expostos;<\/li>\n<li>b) Utilizar os dados exclusivamente para as finalidades previamente definidas;<\/li>\n<li>c) Certificar-se de que os dados s\u00e3o tratados unicamente pelos trabalhadores cuja interven\u00e7\u00e3o seja necess\u00e1ria para a presta\u00e7\u00e3o do servi\u00e7o estando os mesmos obrigados ao dever de sigilo e confidencialidade.<\/li>\n<\/ul>\n<p><strong>6-PRAZO DE CONSERVA\u00c7\u00c3O DOS DADOS:<\/strong> Os seus dados ser\u00e3o guardados pelo per\u00edodo de 1 ano a contar da concess\u00e3o deste consentimento ou, caso tenha celebrado connosco contrato de compra e venda ou presta\u00e7\u00e3o de servi\u00e7os, durante o prazo de vig\u00eancia do contrato acrescido dos prazos de prescri\u00e7\u00e3o e caducidade dos direitos associados. Ap\u00f3s esse prazo, a METLOR poder\u00e1 ainda mant\u00ea-los para o cumprimento de obriga\u00e7\u00f5es legais e para fins estat\u00edsticos, devendo para este \u00faltimo efeito anonimiz\u00e1-los.<\/p>\n<p><strong>7-EXERC\u00cdCIO DOS DIREITOS DE ACESSO, RECTIFICA\u00c7\u00c3O, APAGAMENTO, LIMITA\u00c7\u00c3O DO TRATAMENTO, OPOSI\u00c7\u00c3O AO TRATAMENTO, PORTABILIDADE, RETIRADA DE CONSENTIMENTO E RECLAMA\u00c7\u00c3O:<\/strong><br \/>Informamos que tem:<\/p>\n<ul>\n<li><strong>a) O direito de acesso aos dados pessoais que lhe digam respeito<\/strong> \u2013 o titular tem o direito de obter do respons\u00e1vel pelo tratamento a confirma\u00e7\u00e3o de que os dados pessoais que lhe digam respeito s\u00e3o ou n\u00e3o objeto de tratamento e, se for esse o caso, o direito de aceder aos seus dados pessoais e \u00e0s informa\u00e7\u00f5es previstas no Regulamento Geral de Prote\u00e7\u00e3o de Dados.<\/li>\n<li><strong>b) o direito \u00e0 retifica\u00e7\u00e3o dos seus dados<\/strong> \u2013 o titular tem o direito de obter, sem demora injustificada, do respons\u00e1vel pelo tratamento a retifica\u00e7\u00e3o dos dados pessoais inexatos que lhe digam respeito.<\/li>\n<li><strong>c) o direito ao apagamento dos seus dados<\/strong> \u2013 o titular tem o direito de obter do respons\u00e1vel pelo tratamento o apagamento dos seus dados pessoais, sem demora injustificada, e este tem a obriga\u00e7\u00e3o de apagar os dados pessoais, sem demora injustificada, quando se aplique, nomeadamente, um dos seguintes motivos: 1) os dados pessoais deixaram de ser necess\u00e1rios para a finalidade que motivou a sua recolha ou tratamento; 2) o titular retira o consentimento em que se baseia o tratamento dos dados (quando o mesmo se baseie no consentimento) e se n\u00e3o existir outro fundamento jur\u00eddico para o referido tratamento; 3) o titular op\u00f5e-se ao tratamento e n\u00e3o existem interesses leg\u00edtimos prevalecentes que justifiquem o tratamento;<\/li>\n<li><strong>d) o direito \u00e0 limita\u00e7\u00e3o do tratamento no que disser respeito ao titular dos dados<\/strong> \u2013 o titular dos dados tem o direito de obter do respons\u00e1vel pelo tratamento a limita\u00e7\u00e3o do tratamento, se se aplicar uma das seguintes situa\u00e7\u00f5es: a) contestar a exatid\u00e3o dos dados pessoais, durante um per\u00edodo que permita ao respons\u00e1vel pelo tratamento verificar a sua exatid\u00e3o; b) o tratamento for il\u00edcito e o titular dos dados se opuser ao apagamento dos dados pessoais e solicitar, em contrapartida, a limita\u00e7\u00e3o da sua utiliza\u00e7\u00e3o; c) o respons\u00e1vel pelo tratamento j\u00e1 n\u00e3o precisar dos dados pessoais para fins de tratamento, mas esses dados sejam requeridos pelo titular para efeitos de declara\u00e7\u00e3o, exerc\u00edcio ou defesa de um direito num processo judicial; d) se tiver oposto ao tratamento, at\u00e9 se verificar que os motivos leg\u00edtimos do respons\u00e1vel pelo tratamento prevalecem sobre os do titular dos dados.<\/li>\n<li><strong>e) o direito de se opor ao tratamento<\/strong> \u2013 quando o tratamento for efetuado para efeito dos interesses leg\u00edtimos prosseguidos pela ________, o titular dos dados tem o direito de se opor a qualquer momento, por motivos relacionados com a sua situa\u00e7\u00e3o particular, ao tratamento dos dados pessoais que lhe digam respeito. O respons\u00e1vel pelo tratamento cessa o tratamento dos dados pessoais, a n\u00e3o ser que apresente raz\u00f5es imperiosas e leg\u00edtimas para esse tratamento que prevale\u00e7am sobre os interesses, direitos e liberdades do titular dos dados, ou para efeitos de declara\u00e7\u00e3o, exerc\u00edcio ou defesa de um direito num processo judicial.<\/li>\n<li><strong>f) o direito \u00e0 portabilidade dos dados<\/strong> \u2013 o titular dos dados tem, nos termos e nas condi\u00e7\u00f5es definidas na lei, o direito de receber os dados pessoais que lhe digam respeito e que tenha fornecido a um respons\u00e1vel pelo tratamento, num formato estruturado, de uso corrente e de leitura autom\u00e1tica, e o direito de transmitir esses dados a outro respons\u00e1vel pelo tratamento sem que o respons\u00e1vel a quem os dados pessoais foram fornecidos o possa impedir, se: a) O tratamento se basear no consentimento ou num contrato; e b) O tratamento for realizado por meios automatizados;<\/li>\n<li><strong>g) o direito de retirar o consentimento em qualquer altura<\/strong> \u2013 se o tratamento dos dados se basear no consentimento, o titular dos dados tem o direito de retirar o seu consentimento em qualquer altura, sem comprometer a licitude do tratamento efetuado com base no consentimento previamente dado.<\/li>\n<li><strong>h) o direito de apresentar reclama\u00e7\u00e3o a uma autoridade de controlo<\/strong> \u2013 o titular dos dados tem o direito de, a qualquer momento, apresentar uma reclama\u00e7\u00e3o \u00e0 autoridade de supervis\u00e3o e controlo: Comiss\u00e3o Nacional de Prote\u00e7\u00e3o de Dados (CNPD) \u2013 Rua de S\u00e3o Bento, n.o 148, 3.o, 1200-821 Lisboa; Telefone \u2013 +351213928400; fax \u2013 +351213976832; email \u2013 geral@cnpd.pt<\/li>\n<\/ul>\n<p>Caso pretenda exercer qualquer um dos direitos mencionados de a) a g), dever\u00e1 contactar-nos por escrito, atrav\u00e9s do email financeiro@metlor.com ou de carta enviada para a sede da empresa.<\/p>\n<p>&nbsp;<\/p>\n<\/div><div class=\"fusion-clearfix\"><\/div><\/div><\/div><\/div><\/div>","protected":false},"excerpt":{"rendered":"","protected":false},"author":1,"featured_media":0,"parent":0,"menu_order":0,"comment_status":"closed","ping_status":"open","template":"100-width.php","meta":{"footnotes":""},"class_list":["post-3","page","type-page","status-publish","hentry"],"_links":{"self":[{"href":"https:\/\/metlor.com\/en\/wp-json\/wp\/v2\/pages\/3","targetHints":{"allow":["GET"]}}],"collection":[{"href":"https:\/\/metlor.com\/en\/wp-json\/wp\/v2\/pages"}],"about":[{"href":"https:\/\/metlor.com\/en\/wp-json\/wp\/v2\/types\/page"}],"author":[{"embeddable":true,"href":"https:\/\/metlor.com\/en\/wp-json\/wp\/v2\/users\/1"}],"replies":[{"embeddable":true,"href":"https:\/\/metlor.com\/en\/wp-json\/wp\/v2\/comments?post=3"}],"version-history":[{"count":4,"href":"https:\/\/metlor.com\/en\/wp-json\/wp\/v2\/pages\/3\/revisions"}],"predecessor-version":[{"id":220,"href":"https:\/\/metlor.com\/en\/wp-json\/wp\/v2\/pages\/3\/revisions\/220"}],"wp:attachment":[{"href":"https:\/\/metlor.com\/en\/wp-json\/wp\/v2\/media?parent=3"}],"curies":[{"name":"wp","href":"https:\/\/api.w.org\/{rel}","templated":true}]}}