{"id":69,"date":"2019-04-18T08:57:34","date_gmt":"2019-04-18T08:57:34","guid":{"rendered":"http:\/\/lab.redocean.pt\/metlor\/?page_id=69"},"modified":"2025-08-21T13:03:26","modified_gmt":"2025-08-21T13:03:26","slug":"contactos","status":"publish","type":"page","link":"https:\/\/metlor.com\/es\/contactos\/","title":{"rendered":"CONTACTOS"},"content":{"rendered":"<p><div class=\"fusion-fullwidth fullwidth-box fusion-builder-row-1 nonhundred-percent-fullwidth non-hundred-percent-height-scrolling\" style=\"--awb-border-radius-top-left:0px;--awb-border-radius-top-right:0px;--awb-border-radius-bottom-right:0px;--awb-border-radius-bottom-left:0px;--awb-flex-wrap:wrap;\" ><div class=\"fusion-builder-row fusion-row\"><div class=\"fusion-layout-column fusion_builder_column fusion-builder-column-0 fusion_builder_column_1_1 1_1 fusion-one-full fusion-column-first fusion-column-last\" style=\"--awb-bg-size:cover;\"><div class=\"fusion-column-wrapper fusion-flex-column-wrapper-legacy\"><div class=\"fusion-title title fusion-title-1 fusion-title-center fusion-title-text fusion-title-size-one\" style=\"--awb-text-color:#000000;--awb-sep-color:#aaaaac;\"><div class=\"title-sep-container title-sep-container-left\"><div class=\"title-sep sep-single sep-solid\" style=\"border-color:#aaaaac;\"><\/div><\/div><span class=\"awb-title-spacer\"><\/span><h1 class=\"fusion-title-heading title-heading-center fusion-responsive-typography-calculated\" style=\"margin:0;--fontSize:34;line-height:1.4;\">Contactanos<\/h1><span class=\"awb-title-spacer\"><\/span><div class=\"title-sep-container title-sep-container-right\"><div class=\"title-sep sep-single sep-solid\" style=\"border-color:#aaaaac;\"><\/div><\/div><\/div><div class=\"fusion-text fusion-text-1\"><div class=\"caldera-grid\" id=\"caldera_form_1\" data-cf-ver=\"1.9.1\" data-cf-form-id=\"CF5cb8468b332a9\"><div id=\"caldera_notices_1\" data-spinner=\"https:\/\/metlor.com\/wp-admin\/images\/spinner.gif\"><\/div><form data-instance=\"1\" class=\"CF5cb8468b332a9 caldera_forms_form cfajax-trigger\" method=\"POST\" enctype=\"multipart\/form-data\" id=\"CF5cb8468b332a9_1\" data-form-id=\"CF5cb8468b332a9\" aria-label=\"Contactos\" data-target=\"#caldera_notices_1\" data-template=\"#cfajax_CF5cb8468b332a9-tmpl\" data-cfajax=\"CF5cb8468b332a9\" data-load-element=\"_parent\" data-load-class=\"cf_processing\" data-post-disable=\"0\" data-action=\"cf_process_ajax_submit\" data-request=\"https:\/\/metlor.com\/es\/\/cf-api\/CF5cb8468b332a9\" data-hiderows=\"true\" action=\"\">\r\n<input type=\"hidden\" id=\"_cf_verify_CF5cb8468b332a9\" name=\"_cf_verify\" value=\"9d4674655a\"  data-nonce-time=\"1777396235\" \/><input type=\"hidden\" name=\"_wp_http_referer\" value=\"\/es\/wp-json\/wp\/v2\/pages\/69\" \/><div id=\"cf2-CF5cb8468b332a9_1\"><\/div><input type=\"hidden\" name=\"_cf_frm_id\" value=\"CF5cb8468b332a9\">\r\n<input type=\"hidden\" name=\"_cf_frm_ct\" value=\"1\">\r\n<input type=\"hidden\" name=\"cfajax\" value=\"CF5cb8468b332a9\">\r\n<input type=\"hidden\" name=\"_cf_cr_pst\" value=\"69\">\r\n<div class=\"hide\" style=\"display:none; overflow:hidden;height:0;width:0;\">\r\n<label>Company<\/label><input type=\"text\" name=\"company\" value=\"\" autocomplete=\"off\">\r\n<\/div><div id=\"CF5cb8468b332a9_1-row-1\"  class=\"row  first_row\"><div  class=\"col-sm-12  single\"><div data-field-wrapper=\"fld_8768091\" class=\"form-group\" id=\"fld_8768091_1-wrap\">\r\n\t<label id=\"fld_8768091Label\" for=\"fld_8768091_1\" class=\"control-label\">Nombre completo <span aria-hidden=\"true\" role=\"presentation\" class=\"field_required\" style=\"color:#ee0000;\">*<\/span><\/label>\r\n\t<div class=\"\">\r\n\t\t<input   required type=\"text\" data-field=\"fld_8768091\" class=\"form-control\" id=\"fld_8768091_1\" name=\"fld_8768091\" value=\"\" data-type=\"text\" aria-required=\"true\"   aria-labelledby=\"fld_8768091Label\" >\t\t\t<\/div>\r\n<\/div>\r\n<div data-field-wrapper=\"fld_6009157\" class=\"form-group\" id=\"fld_6009157_1-wrap\">\r\n\t<label id=\"fld_6009157Label\" for=\"fld_6009157_1\" class=\"control-label\">Correo electronico <span aria-hidden=\"true\" role=\"presentation\" class=\"field_required\" style=\"color:#ee0000;\">*<\/span><\/label>\r\n\t<div class=\"\">\r\n\t\t<input   required type=\"email\" data-field=\"fld_6009157\" class=\"form-control\" id=\"fld_6009157_1\" name=\"fld_6009157\" value=\"\" data-type=\"email\" aria-required=\"true\"   aria-labelledby=\"fld_6009157Label\" >\t\t\t<\/div>\r\n<\/div>\r\n<div data-field-wrapper=\"fld_2071409\" class=\"form-group\" id=\"fld_2071409_1-wrap\">\r\n\t<label id=\"fld_2071409Label\" for=\"fld_2071409_1\" class=\"control-label\">Asunto<\/label>\r\n\t<div class=\"\">\r\n\t\t<input    type=\"text\" data-field=\"fld_2071409\" class=\"form-control\" id=\"fld_2071409_1\" name=\"fld_2071409\" value=\"\" data-type=\"text\"   aria-labelledby=\"fld_2071409Label\" >\t\t\t<\/div>\r\n<\/div>\r\n<div data-field-wrapper=\"fld_7683514\" class=\"form-group\" id=\"fld_7683514_1-wrap\">\r\n\t<label id=\"fld_7683514Label\" for=\"fld_7683514_1\" class=\"control-label\">Mensaje <span aria-hidden=\"true\" role=\"presentation\" class=\"field_required\" style=\"color:#ee0000;\">*<\/span><\/label>\r\n\t<div class=\"\">\r\n\t\t<textarea name=\"fld_7683514\" value=\"\" data-field=\"fld_7683514\" class=\"form-control\" id=\"fld_7683514_1\" rows=\"7\"  required=\"required\"  aria-labelledby=\"fld_7683514Label\" ><\/textarea>\r\n\t\t\t<\/div>\r\n<\/div>\r\n<\/div><\/div><div id=\"CF5cb8468b332a9_1-row-2\"  class=\"row  last_row\"><div  class=\"col-sm-12  single\"><div data-field-wrapper=\"fld_7908577\" class=\"form-group\" id=\"fld_7908577_1-wrap\">\r\n<div class=\"\">\r\n\t<input  class=\"btn btn-default\" type=\"submit\" name=\"fld_7908577\" id=\"fld_7908577_1\" value=\"Enviar mensaje\" data-field=\"fld_7908577\"  >\r\n<\/div>\r\n<\/div>\r\n\t<input class=\"button_trigger_1\" type=\"hidden\" name=\"fld_7908577\" id=\"fld_7908577_1_btn\" value=\"\" data-field=\"fld_7908577\"  \/>\r\n<div data-field-wrapper=\"fld_7656645\" class=\"form-group\" id=\"fld_7656645_1-wrap\">\r\n<div class=\"\">\r\n\r\n<div class=\"checkbox-inline caldera-forms-consent-field\">\r\n    <input data-parsley-required=\"true\" data-parsley-group=\"fld_7656645_1\" data-parsley-multiple=\"fld_7656645_1\"        type=\"checkbox\" data-label=\"Declaro que tomei conhecimento da\"\r\n        data-field=\"fld_7656645\"\r\n        id=\"fld_7656645_1\"\r\n        class=\"fld_7656645_1 option-required\"\r\n        name=\"fld_7656645\"\r\n        value=\"1\"\r\n        data-type=\"checkbox\"\r\n        data-checkbox-field=\"fld_7656645_1\"\r\n    >\r\n    <label for=\"fld_7656645_1\"\r\n           class=\"caldera-forms-gdpr-field-label\"\r\n           style=\"display:inline; margin-left: 0.5rem;\"\r\n    >\r\n                <p\r\n            class=\"caldera-forms-consent-field-agreement\"\r\n        >\r\n            Declaro que he le\u00eddo y he dado mi consentimiento previo, libre, informado, espec\u00edfico e inequ\u00edvoco a la        <\/p>\r\n        <a href=\"https:\/\/metlor.com\/es\/politica-privacidade\/\"\r\n           target=\"_blank\"\r\n                title=\"Privacy Policy Page\"\r\n            class=\"caldera-forms-consent-field-linked_text\"\r\n            >\r\n            Pol\u00edtica de privacidad        <\/a>\r\n    <\/label>\r\n    <span style=\"color:#ff0000;\">*<\/span>\r\n<\/div>\r\n\r\n<\/div>\r\n<\/div>\r\n<\/div><\/div><input type=\"hidden\" name=\"trp-form-language\" value=\"es\"\/><\/form>\r\n<\/div>\r\n\n<\/div><div class=\"fusion-clearfix\"><\/div><\/div><\/div><\/div><\/div><div class=\"fusion-fullwidth fullwidth-box fusion-builder-row-2 nonhundred-percent-fullwidth non-hundred-percent-height-scrolling\" style=\"--awb-border-radius-top-left:0px;--awb-border-radius-top-right:0px;--awb-border-radius-bottom-right:0px;--awb-border-radius-bottom-left:0px;--awb-flex-wrap:wrap;\" ><div class=\"fusion-builder-row fusion-row\"><div class=\"fusion-layout-column fusion_builder_column fusion-builder-column-1 fusion_builder_column_1_1 1_1 fusion-one-full fusion-column-first fusion-column-last\" style=\"--awb-bg-size:cover;\"><div class=\"fusion-column-wrapper fusion-flex-column-wrapper-legacy\"><div class=\"fusion-title title fusion-title-2 fusion-title-center fusion-title-text fusion-title-size-one\" style=\"--awb-text-color:#000000;--awb-sep-color:#aaaaac;\"><div class=\"title-sep-container title-sep-container-left\"><div class=\"title-sep sep-single sep-solid\" style=\"border-color:#aaaaac;\"><\/div><\/div><span class=\"awb-title-spacer\"><\/span><h1 class=\"fusion-title-heading title-heading-center fusion-responsive-typography-calculated\" style=\"margin:0;--fontSize:34;line-height:1.4;\">O ven y visita nuestra <em>sala de exposici\u00f3n<\/em><\/h1><span class=\"awb-title-spacer\"><\/span><div class=\"title-sep-container title-sep-container-right\"><div class=\"title-sep sep-single sep-solid\" style=\"border-color:#aaaaac;\"><\/div><\/div><\/div><div class=\"fusion-clearfix\"><\/div><\/div><\/div><\/div><\/div><div class=\"fusion-fullwidth fullwidth-box fusion-builder-row-3 rowdef hundred-percent-fullwidth non-hundred-percent-height-scrolling\" style=\"--awb-border-radius-top-left:0px;--awb-border-radius-top-right:0px;--awb-border-radius-bottom-right:0px;--awb-border-radius-bottom-left:0px;--awb-flex-wrap:wrap;\" ><div class=\"fusion-builder-row fusion-row\"><div class=\"fusion-layout-column fusion_builder_column fusion-builder-column-2 fusion_builder_column_1_1 1_1 fusion-one-full fusion-column-first fusion-column-last\" style=\"--awb-bg-size:cover;\"><div class=\"fusion-column-wrapper fusion-flex-column-wrapper-legacy\"><div class=\"fusion-text fusion-text-2\"><div class=\"wpgmp_map_container wpgmp-map-provider-google wpgmp-map-1\" rel=\"map1\" data-plugin-version=\"4.9.1\"><div class=\"wpgmp_map_parent\"><div class=\"wpgmp_map\" style=\"width:1920px;height:500px\" id=\"map1\" data-map-id=\"1\"><\/div><\/div><\/div><script>jQuery(document).ready(function($){ window.wpgmp = window.wpgmp || {}; window.wpgmp.mapdata1 = \"eyJhdXRvc29ydCI6dHJ1ZSwibWFwX29wdGlvbnMiOnsiY2VudGVyX2xhdCI6IjQwLjY0NzIwNTIiLCJjZW50ZXJfbG5nIjoiLTcuODAwODkzNyIsInpvb20iOjE0LCJtYXBfdHlwZV9pZCI6IlJPQURNQVAiLCJjZW50ZXJfYnlfbmVhcmVzdCI6ZmFsc2UsImZpdF9ib3VuZHMiOmZhbHNlLCJzaG93X2NlbnRlcl9jaXJjbGUiOmZhbHNlLCJzaG93X2NlbnRlcl9tYXJrZXIiOmZhbHNlLCJjZW50ZXJfbWFya2VyX2ljb24iOiJodHRwOlwvXC9sYWIucmVkb2NlYW4ucHRcL21ldGxvclwvd3AtY29udGVudFwvdXBsb2Fkc1wvMjAxOVwvMDRcL01hcHNfSWNvbi5wbmciLCJkcmFnZ2FibGUiOnRydWUsIm1hcmtlcl9kZWZhdWx0X2ljb24iOiJodHRwOlwvXC9sYWIucmVkb2NlYW4ucHRcL21ldGxvclwvd3AtY29udGVudFwvdXBsb2Fkc1wvMjAxOVwvMDRcL01hcHNfSWNvbi5wbmciLCJpbmZvd2luZG93X3NraW4iOnsibmFtZSI6ImRlZmF1bHQiLCJ0eXBlIjoiaW5mb3dpbmRvdyJ9LCJpbmZvd2luZG93X2Ryb3BfYW5pbWF0aW9uIjpmYWxzZSwiY2xvc2VfaW5mb3dpbmRvd19vbl9tYXBfY2xpY2siOmZhbHNlLCJkZWZhdWx0X2luZm93aW5kb3dfb3BlbiI6ZmFsc2UsImluZm93aW5kb3dfb3Blbl9ldmVudCI6ImNsaWNrIiwibGlzdGluZ19pbmZvd2luZG93X29wZW5fZXZlbnQiOiJjbGljayIsImlzX21vYmlsZSI6ZmFsc2UsImluZm93aW5kb3dfZmlsdGVyX29ubHkiOmZhbHNlLCJpbmZvd2luZG93X2NsaWNrX2NoYW5nZV9jZW50ZXIiOmZhbHNlLCJmdWxsX3NjcmVlbl9jb250cm9sIjp0cnVlLCJjYW1lcmFfY29udHJvbCI6ZmFsc2UsInNlYXJjaF9jb250cm9sIjp0cnVlLCJ6b29tX2NvbnRyb2wiOnRydWUsIm1hcF90eXBlX2NvbnRyb2wiOnRydWUsInN0cmVldF92aWV3X2NvbnRyb2wiOnRydWUsImxvY2F0ZW1lX2NvbnRyb2wiOmZhbHNlLCJtb2JpbGVfc3BlY2lmaWMiOmZhbHNlLCJ6b29tX21vYmlsZSI6NSwiZHJhZ2dhYmxlX21vYmlsZSI6dHJ1ZSwic2Nyb2xsX3doZWVsX21vYmlsZSI6dHJ1ZSwiZnVsbF9zY3JlZW5fY29udHJvbF9wb3NpdGlvbiI6IlRPUF9SSUdIVCIsInpvb21fY29udHJvbF9wb3NpdGlvbiI6IlRPUF9MRUZUIiwibWFwX3R5cGVfY29udHJvbF9wb3NpdGlvbiI6IlRPUF9SSUdIVCIsIm1hcF90eXBlX2NvbnRyb2xfc3R5bGUiOiJIT1JJWk9OVEFMX0JBUiIsInN0cmVldF92aWV3X2NvbnRyb2xfcG9zaXRpb24iOiJUT1BfTEVGVCIsIm1hcF9pbmZvd2luZG93X2N1c3RvbWlzYXRpb25zIjpmYWxzZSwiaW5mb3dpbmRvd193aWR0aCI6IjEwMCUiLCJzaG93X2luZm93aW5kb3dfaGVhZGVyIjpmYWxzZSwiem9vbV9sZXZlbF9hZnRlcl9zZWFyY2giOjEwLCJkb3VibGVjbGlja3pvb20iOmZhbHNlLCJjdXJyZW50X3Bvc3Rfb25seSI6ZmFsc2UsImFkdmFuY2VfdGVtcGxhdGUiOmZhbHNlLCJtYXBfdGlsZV91cmwiOiJodHRwczpcL1wve3N9LnRpbGUub3BlbnN0cmVldG1hcC5vcmdcL3t6fVwve3h9XC97eX0ucG5nIiwib3BlbnN0cmVldF9zdHlsZXMiOnsiT3BlblN0cmVldE1hcC5NYXBuaWsiOiJodHRwczpcL1wve3N9LnRpbGUub3BlbnN0cmVldG1hcC5vcmdcL3t6fVwve3h9XC97eX0ucG5nIiwiT3BlblN0cmVldE1hcC5ERSI6Imh0dHBzOlwvXC97c30udGlsZS5vcGVuc3RyZWV0bWFwLmRlXC90aWxlc1wvb3NtZGVcL3t6fVwve3h9XC97eX0ucG5nIiwiT3BlblN0cmVldE1hcC5DSCI6Imh0dHBzOlwvXC90aWxlLm9zbS5jaFwvc3dpdHplcmxhbmRcL3t6fVwve3h9XC97eX0ucG5nIiwiT3BlblN0cmVldE1hcC5GcmFuY2UiOiJodHRwczpcL1wve3N9LnRpbGUub3BlbnN0cmVldG1hcC5mclwvb3NtZnJcL3t6fVwve3h9XC97eX0ucG5nIiwiT3BlblN0cmVldE1hcC5IT1QiOiJodHRwczpcL1wve3N9LnRpbGUub3BlbnN0cmVldG1hcC5mclwvaG90XC97en1cL3t4fVwve3l9LnBuZyIsIk9wZW5TdHJlZXRNYXAuQlpIIjoiaHR0cHM6XC9cL3RpbGUub3BlbnN0cmVldG1hcC5iemhcL2JyXC97en1cL3t4fVwve3l9LnBuZyIsIk9wZW5Ub3BvTWFwIjoiaHR0cHM6XC9cL3tzfS50aWxlLm9wZW50b3BvbWFwLm9yZ1wve3p9XC97eH1cL3t5fS5wbmciLCJUaHVuZGVyZm9yZXN0Lk9wZW5DeWNsZU1hcCI6Imh0dHBzOlwvXC9kZXYue3N9LnRpbGUub3BlbnN0cmVldG1hcC5mclwvY3ljbG9zbVwve3p9XC97eH1cL3t5fS5wbmciLCJPcGVuTWFwU3VyZmVyLlJvYWRzIjoiaHR0cHM6XC9cL21hcHMuaGVpZ2l0Lm9yZ1wvb3Blbm1hcHN1cmZlclwvdGlsZXNcL3JvYWRzXC93ZWJtZXJjYXRvclwve3p9XC97eH1cL3t5fS5wbmcifSwib3BlbnN0cmVldF9zdHlsZXNfbWFya3VwIjoiPHNlbGVjdCBjbGFzcz1cIndwb21wX21hcF90eXBlXCI+PG9wdGlvbiB2YWx1ZT1cIk9wZW5TdHJlZXRNYXAuTWFwbmlrXCI+T3BlblN0cmVldE1hcC5NYXBuaWs8XC9vcHRpb24+PG9wdGlvbiB2YWx1ZT1cIk9wZW5TdHJlZXRNYXAuREVcIj5PcGVuU3RyZWV0TWFwLkRFPFwvb3B0aW9uPjxvcHRpb24gdmFsdWU9XCJPcGVuU3RyZWV0TWFwLkNIXCI+T3BlblN0cmVldE1hcC5DSDxcL29wdGlvbj48b3B0aW9uIHZhbHVlPVwiT3BlblN0cmVldE1hcC5GcmFuY2VcIj5PcGVuU3RyZWV0TWFwLkZyYW5jZTxcL29wdGlvbj48b3B0aW9uIHZhbHVlPVwiT3BlblN0cmVldE1hcC5IT1RcIj5PcGVuU3RyZWV0TWFwLkhPVDxcL29wdGlvbj48b3B0aW9uIHZhbHVlPVwiT3BlblN0cmVldE1hcC5CWkhcIj5PcGVuU3RyZWV0TWFwLkJaSDxcL29wdGlvbj48b3B0aW9uIHZhbHVlPVwiT3BlblRvcG9NYXBcIj5PcGVuVG9wb01hcDxcL29wdGlvbj48b3B0aW9uIHZhbHVlPVwiVGh1bmRlcmZvcmVzdC5PcGVuQ3ljbGVNYXBcIj5UaHVuZGVyZm9yZXN0Lk9wZW5DeWNsZU1hcDxcL29wdGlvbj48b3B0aW9uIHZhbHVlPVwiT3Blbk1hcFN1cmZlci5Sb2Fkc1wiPk9wZW5NYXBTdXJmZXIuUm9hZHM8XC9vcHRpb24+PFwvc2VsZWN0PiIsIm1hcF9ib3hfc3R5bGVzX21hcmt1cCI6IjxzZWxlY3QgY2xhc3M9XCJ3cG9tcF9tYXBib3hfdHlwZVwiPjxvcHRpb24gdmFsdWU9XCJzdHJlZXRzLXYxMVwiPlN0cmVldHM8XC9vcHRpb24+PG9wdGlvbiB2YWx1ZT1cImxpZ2h0LXYxMFwiPkxpZ2h0PFwvb3B0aW9uPjxvcHRpb24gdmFsdWU9XCJkYXJrLXYxMFwiPkRhcms8XC9vcHRpb24+PG9wdGlvbiB2YWx1ZT1cIm91dGRvb3JzLXYxMVwiPk91dGRvb3JzPFwvb3B0aW9uPjxvcHRpb24gdmFsdWU9XCJzYXRlbGxpdGUtdjlcIj5TYXRlbGxpdGU8XC9vcHRpb24+PFwvc2VsZWN0PiIsImJvdW5kX21hcF9hZnRlcl9maWx0ZXIiOmZhbHNlLCJkaXNwbGF5X3Jlc2V0X2J1dHRvbiI6ZmFsc2UsIm1hcF9yZXNldF9idXR0b25fdGV4dCI6IlJlc3RhYmxlY2VyIiwid2lkdGgiOiIxOTIwIiwiaGVpZ2h0IjoiNTAwIiwidGlsZXNfcHJvdmlkZXIiOiJvcGVuc3RyZWV0In0sInBsYWNlcyI6W3siaWQiOiIxIiwidGl0bGUiOiJNZXRsb3IiLCJhZGRyZXNzIjoiUnVhIGRhIENvcnJlZG91cmEsIE5lc3ByaWRvLCAzNTA1LTI0NiAtIFZpc2V1Iiwic291cmNlIjoibWFudWFsIiwiY29udGVudCI6IiIsImxvY2F0aW9uIjp7Imljb24iOiJodHRwOlwvXC9sYWIucmVkb2NlYW4ucHRcL21ldGxvclwvd3AtY29udGVudFwvdXBsb2Fkc1wvMjAxOVwvMDRcL01hcHNfSWNvbi5wbmciLCJsYXQiOiI0MC42NDcyMDkzNTA4NTczNjYiLCJsbmciOiItNy44MDA5NzQxNjA5NjAzMjI1IiwiY2l0eSI6IiIsInN0YXRlIjoiVmlzZXUiLCJjb3VudHJ5IjoiUG9ydHVnYWwiLCJvbmNsaWNrX2FjdGlvbiI6Im1hcmtlciIsInJlZGlyZWN0X2N1c3RvbV9saW5rIjoiIiwibWFya2VyX2ltYWdlIjoiPGRpdiBjbGFzcz0nZmMtZmVhdHVyZS1pbWcnPjxpbWcgbG9hZGluZz0nbGF6eScgZGVjb2Rpbmc9J2FzeW5jJyBhbHQ9J01ldGxvcicgc3JjPSdodHRwczpcL1wvbWV0bG9yLmNvbVwvd3AtY29udGVudFwvcGx1Z2luc1wvd3AtZ29vZ2xlLW1hcC1wbHVnaW5cL2Fzc2V0c1wvaW1hZ2VzXC9zYW1wbGUuanBnJyBjbGFzcz0nd3BnbXBfbWFya2VyX2ltYWdlIGZjLWl0ZW0tZmVhdHVyZWRfaW1hZ2UgZmMtaXRlbS1sYXJnZScgXC8+PFwvZGl2PiIsIm9wZW5fbmV3X3RhYiI6InllcyIsInBvc3RhbF9jb2RlIjoiMzUwNS0yNTEiLCJkcmFnZ2FibGUiOiIiLCJpbmZvd2luZG93X2RlZmF1bHRfb3BlbiI6IiIsImFuaW1hdGlvbiI6IkJPVU5DRSIsImluZm93aW5kb3dfZGlzYWJsZSI6dHJ1ZSwiem9vbSI6NSwiZXh0cmFfZmllbGRzIjp7Imxpc3RvcmRlciI6MH19LCJjYXRlZ29yaWVzIjpbeyJpZCI6IjEiLCJuYW1lIjoiTWV0bG9yIiwidHlwZSI6ImNhdGVnb3J5IiwiZXh0ZW5zaW9uX2ZpZWxkcyI6bnVsbCwiaWNvbiI6Imh0dHA6XC9cL2xhYi5yZWRvY2Vhbi5wdFwvbWV0bG9yXC93cC1jb250ZW50XC91cGxvYWRzXC8yMDE5XC8wNFwvTWFwc19JY29uLnBuZyJ9XSwiY3VzdG9tX2ZpbHRlcnMiOltdfV0sIm1hcF9wcm9wZXJ0eSI6eyJtYXBfaWQiOiIxIn0sInNoYXBlcyI6eyJkcmF3aW5nX2VkaXRhYmxlIjpmYWxzZX0sImZpbHRlcnMiOnsiZmlsdGVyc19jb250YWluZXIiOiJbZGF0YS1jb250YWluZXI9XCJ3cGdtcC1maWx0ZXJzLWNvbnRhaW5lclwiXSJ9LCJnbG9iYWxfc2V0dGluZ3MiOmZhbHNlLCJtYXJrZXJfY2F0ZWdvcnlfaWNvbnMiOnsiMSI6Imh0dHA6XC9cL2xhYi5yZWRvY2Vhbi5wdFwvbWV0bG9yXC93cC1jb250ZW50XC91cGxvYWRzXC8yMDE5XC8wNFwvTWFwc19JY29uLnBuZyJ9LCJwcm92aWRlciI6Imdvb2dsZSIsImFwaUtleSI6IiJ9\"; });<\/script>\n<\/div><div class=\"fusion-clearfix\"><\/div><\/div><\/div><\/div><\/div><\/p>","protected":false},"excerpt":{"rendered":"","protected":false},"author":1,"featured_media":0,"parent":0,"menu_order":0,"comment_status":"closed","ping_status":"closed","template":"100-width.php","meta":{"footnotes":""},"class_list":["post-69","page","type-page","status-publish","hentry"],"_links":{"self":[{"href":"https:\/\/metlor.com\/es\/wp-json\/wp\/v2\/pages\/69","targetHints":{"allow":["GET"]}}],"collection":[{"href":"https:\/\/metlor.com\/es\/wp-json\/wp\/v2\/pages"}],"about":[{"href":"https:\/\/metlor.com\/es\/wp-json\/wp\/v2\/types\/page"}],"author":[{"embeddable":true,"href":"https:\/\/metlor.com\/es\/wp-json\/wp\/v2\/users\/1"}],"replies":[{"embeddable":true,"href":"https:\/\/metlor.com\/es\/wp-json\/wp\/v2\/comments?post=69"}],"version-history":[{"count":8,"href":"https:\/\/metlor.com\/es\/wp-json\/wp\/v2\/pages\/69\/revisions"}],"predecessor-version":[{"id":229,"href":"https:\/\/metlor.com\/es\/wp-json\/wp\/v2\/pages\/69\/revisions\/229"}],"wp:attachment":[{"href":"https:\/\/metlor.com\/es\/wp-json\/wp\/v2\/media?parent=69"}],"curies":[{"name":"wp","href":"https:\/\/api.w.org\/{rel}","templated":true}]}}